{"id":641,"date":"2023-06-14T13:24:44","date_gmt":"2023-06-14T17:24:44","guid":{"rendered":"https:\/\/inici.ca\/homepage\/"},"modified":"2025-04-16T13:27:12","modified_gmt":"2025-04-16T17:27:12","slug":"homepage","status":"publish","type":"page","link":"https:\/\/inici.ca\/en\/homepage\/","title":{"rendered":"Homepage"},"content":{"rendered":"<section class=\"wpb-content-wrapper\"><p>[vc_row full_width=&#8221;stretch_row_content_no_spaces&#8221;][vc_column]<div class=\"module-hero-accueil module-bg-color bg-violet \">\n    <div class=\"bg-color color-beige module-pad\">\n        <div class=\"container-xl\">\n            <div class=\"row\">\n                <div class=\"col-12\">\n                    <div class=\"swiper-container\" data-skin=\"carousel-hero\">\n                        <div class=\"swiper\">\n                            <div class=\"swiper-wrapper\">\n                                <div class=\"swiper-slide \">\n    <div class=\"img-box\">\n        <img decoding=\"async\" src=\"https:\/\/inici.ca\/wp-content\/uploads\/2023\/09\/home-hero-1-scaled.jpg\" alt=\"\" class=\"img-fluid\">\n    <\/div>\n<\/div><div class=\"swiper-slide \">\n    <div class=\"img-box\">\n        <img decoding=\"async\" src=\"https:\/\/inici.ca\/wp-content\/uploads\/2024\/07\/inici-bandeau-free-french-courses.jpg\" alt=\"\" class=\"img-fluid\">\n    <\/div>\n<\/div>                            <\/div>\n                        <\/div>\n                        <div class=\"swiper-pagination\"><\/div>\n                    <\/div>\n                <\/div>\n            <\/div>\n        <\/div>\n    <\/div>\n<\/div>[\/vc_column][\/vc_row][vc_row full_width=&#8221;stretch_row_content_no_spaces&#8221; disable_element=&#8221;yes&#8221;][vc_column]<div class=\"module-hero-accueil module-bg-color bg-violet \">\n    <div class=\"bg-color color-beige module-pad\">\n        <div class=\"container-xl\">\n            <div class=\"row\">\n                <div class=\"col-12\">\n                    <div class=\"swiper-container\" data-skin=\"carousel-hero\">\n                        <div class=\"swiper\">\n                            <div class=\"swiper-wrapper\">\n                                <div class=\"swiper-slide \">\n    <div class=\"img-box\">\n        <img decoding=\"async\" src=\"https:\/\/inici.ca\/wp-content\/uploads\/2023\/08\/asset-12x-scaled.jpg\" alt=\"\" class=\"img-fluid\">\n    <\/div>\n<\/div>                            <\/div>\n                        <\/div>\n                        <div class=\"swiper-pagination\"><\/div>\n                    <\/div>\n                <\/div>\n            <\/div>\n        <\/div>\n    <\/div>\n<\/div>[\/vc_column][\/vc_row][vc_row full_width=&#8221;stretch_row_content_no_spaces&#8221; disable_element=&#8221;yes&#8221;][vc_column]<div class=\"module-hero-accueil module-bg-color bg-violet \">\n    <div class=\"bg-color color-beige module-pad\">\n        <div class=\"container-xl\">\n            <div class=\"row\">\n                <div class=\"col-12\">\n                    <div class=\"swiper-container\" data-skin=\"carousel-hero\">\n                        <div class=\"swiper\">\n                            <div class=\"swiper-wrapper\">\n                                <div class=\"swiper-slide \">\n    <div class=\"img-box\">\n        <img decoding=\"async\" src=\"https:\/\/inici.ca\/wp-content\/uploads\/2023\/08\/group-1245-scaled.jpg\" alt=\"\" class=\"img-fluid\">\n    <\/div>\n<\/div><div class=\"swiper-slide \">\n    <div class=\"img-box\">\n        <img decoding=\"async\" src=\"https:\/\/inici.ca\/wp-content\/uploads\/2023\/08\/accueil-hero-img-1.svg\" alt=\"\" class=\"img-fluid\">\n    <\/div>\n<\/div><div class=\"swiper-slide \">\n    <div class=\"img-box\">\n        <img decoding=\"async\" src=\"https:\/\/inici.ca\/wp-content\/uploads\/2023\/08\/asset-12x.png\" alt=\"\" class=\"img-fluid\">\n    <\/div>\n<\/div><div class=\"swiper-slide \">\n    <div class=\"img-box\">\n        <img decoding=\"async\" src=\"https:\/\/inici.ca\/wp-content\/uploads\/2023\/08\/hero-slide-2.png\" alt=\"\" class=\"img-fluid\">\n    <\/div>\n<\/div>                            <\/div>\n                        <\/div>\n                        <div class=\"swiper-pagination\"><\/div>\n                    <\/div>\n                <\/div>\n            <\/div>\n        <\/div>\n    <\/div>\n<\/div>[\/vc_column][\/vc_row][vc_row full_width=&#8221;stretch_row_content_no_spaces&#8221;][vc_column]<div class=\"module-blocs-pres \">\n\t<div class=\"module-pad color-blanc\">\n\t\t<div class=\"container-xl\">\n\t\t\t\t\t\t\t<div class=\"row justify-content-center\">\n\t\t\t\t\t<div class=\"col-11 col-xl-12\">\n\t\t\t\t\t\t<div class=\"title-top-box\">\n\t\t\t\t\t\t\t<h2>Services<br>and programs \u2726<\/h2>\n\t\t\t\t\t\t<\/div>\n\t\t\t\t\t<\/div>\n\t\t\t\t<\/div>\n\t\t\t\t\t\t<div class=\"row justify-content-center\">\n\t\t\t\t<div class=\"col-11 col-xl-12\">\n\t\t\t\t\t<div class=\"row\">\n\t\t\t\t\t\t<div class=\"col-md-6 col-pres \">\n\t<div class=\"bloc-pres bg-color color-beige\">\n\t\t\t\t\t<div class=\"img-box\">\n\t\t\t<img decoding=\"async\" src=\"https:\/\/inici.ca\/wp-content\/uploads\/2023\/08\/Groupe-1139.svg\" alt=\"\" class=\"ico-fluid\">\n\t\t\t<\/div>\n\t\t\t\t<div class=\"content-box\">\n\t\t\t<\/p>\n<h5>Support for immigrants<\/h5>\n<p>Have you recently arrived in Quebec? Are you a permanent resident, international student, temporary worker, refugee or asylum seeker, or even a Canadian born outside Quebec? INICI wants to welcome you and is committed to supporting you as you get settled.<\/p>\t\t\t<div class=\"bts-box\">\n\t\t\t\t<a href=\"https:\/\/inici.ca\/en\/services\/support-for-immigrants\/\" target=\"\" class=\"btn btn-fleche\"><span class=\"text\">En savoir plus<\/span><\/a>\t\t\t<\/div>\n\t\t<\/div>\n\t<\/div>\n<\/div>\n<div class=\"col-md-6 col-pres \">\n\t<div class=\"bloc-pres bg-color color-rose\">\n\t\t\t\t\t<div class=\"img-box\">\n\t\t\t<img decoding=\"async\" src=\"https:\/\/inici.ca\/wp-content\/uploads\/2023\/08\/icone3.svg\" alt=\"\" class=\"ico-fluid\">\n\t\t\t<\/div>\n\t\t\t\t<div class=\"content-box\">\n\t\t\t<\/p>\n<h5>Learning French<\/h5>\n<p>French is the key to your integration in Quebec. Whether it\u2019s for daily life or finding a job, mastering French is essential. INICI has thought of everything and organizes French courses for everyone! Registrations for French courses are open all year round.<br \/>\nSign up!<\/p>\t\t\t<div class=\"bts-box\">\n\t\t\t\t<a href=\"https:\/\/inici.ca\/en\/services\/support-for-immigrants#accordeon-3\" target=\"\" class=\"btn btn-fleche\"><span class=\"text\">En savoir plus<\/span><\/a>\t\t\t<\/div>\n\t\t<\/div>\n\t<\/div>\n<\/div>\n<div class=\"col-md-6 col-pres \">\n\t<div class=\"bloc-pres bg-color color-violet\">\n\t\t\t\t\t<div class=\"img-box\">\n\t\t\t<img decoding=\"async\" src=\"https:\/\/inici.ca\/wp-content\/uploads\/2023\/08\/icone2.svg\" alt=\"\" class=\"ico-fluid\">\n\t\t\t<\/div>\n\t\t\t\t<div class=\"content-box\">\n\t\t\t<\/p>\n<h5>Support for employers<\/h5>\n<p>INICI works with employers and immigrants to build connections and help newcomers find employment in Quebec companies.<\/p>\t\t\t<div class=\"bts-box\">\n\t\t\t\t<a href=\"https:\/\/inici.ca\/en\/services\/support-for-employers\/\" target=\"\" class=\"btn btn-fleche\"><span class=\"text\">En savoir plus<\/span><\/a>\t\t\t<\/div>\n\t\t<\/div>\n\t<\/div>\n<\/div>\n<div class=\"col-md-6 col-pres \">\n\t<div class=\"bloc-pres bg-color color-rouge\">\n\t\t\t\t\t<div class=\"img-box\">\n\t\t\t<img decoding=\"async\" src=\"https:\/\/inici.ca\/wp-content\/uploads\/2023\/08\/icone4.svg\" alt=\"\" class=\"ico-fluid\">\n\t\t\t<\/div>\n\t\t\t\t<div class=\"content-box\">\n\t\t\t<\/p>\n<h5>Finding a job<\/h5>\n<p>Quickly finding a job in Quebec is a priority for most immigrants. Having a job allows them to integrate into the host society faster and support themselves while contributing to Quebec\u2019s prosperity. INICI can help you find a job that matches your skills and dreams.<\/p>\t\t\t<div class=\"bts-box\">\n\t\t\t\t<a href=\"https:\/\/inici.ca\/en\/services\/support-for-immigrants#accordeon-3\" target=\"\" class=\"btn btn-fleche\"><span class=\"text\">En savoir plus<\/span><\/a>\t\t\t<\/div>\n\t\t<\/div>\n\t<\/div>\n<\/div>\n\t\t\t\t\t<\/div>\n\t\t\t\t<\/div>\n\t\t\t<\/div>\n\t\t<\/div>\n\t<\/div>\n<\/div>\n[\/vc_column][\/vc_row][vc_row full_width=&#8221;stretch_row_content_no_spaces&#8221;][vc_column]<div class=\"module-calendrier module-bg-color bg-beige \">\n\t<div class=\"bg-diagonale diago-blanc\"><\/div>\t<div class=\"bg-color color-beige avec-diago module-pad\">\n\t\t<div class=\"container-xl\">\n\t\t\t<div class=\"row justify-content-center\">\n\t\t\t\t<div class=\"col-11 col-xl-12\">\n\t\t\t\t\t<div class=\"row\">\n\t\t\t\t\t\t<div class=\"col-12\">\n\t\t\t\t\t\t\t<div class=\"ico-box marge-neg\"><img decoding=\"async\" src=\"https:\/\/inici.ca\/wp-content\/themes\/henri\/_assets\/images\/ico-calendrier-fond-beige.svg\" alt=\"Calendrier\" class=\"img-fluid\"><\/div>\n\t\t\t\t\t\t\t<div class=\"title-box\">\n\t\t\t\t\t\t\t\t<h2>Upcoming activities<\/h2>\n\t\t\t\t\t\t\t<\/div>\n\t\t\t\t\t\t<\/div>\n\t\t\t\t\t<\/div>\n\t\t\t\t\t<div class=\"row\">\n\t\t\t\t\t\t<div class=\"col-12\">\n\t\t\t\t\t\t\t<div class=\"calendrier-box\">\n\t\t\t\t\t\t\t\t<div class=\"mois-tableau-box \">\n\t<div class=\"details-ligne-box\">\n\t\t<span class=\"details-txt\">D\u00e9tails<\/span>\n\t<\/div>\n\t<div class=\"grille-mois-content\">\n\t\t<div class=\"mois-content-box\">\n\t\t\t<div class=\"mois-txt-box\">\n\t\t\t\t<h3>Avril<\/h3>\n\t\t\t<\/div>\n\t\t\t<div class=\"ligne-box\"><\/div>\n\t\t\t<div class=\"annee-box\">\n\t\t\t\t<h3>2025<\/h3>\n\t\t\t<\/div>\n\t\t<\/div>\n\t\t<div class=\"events-container\">\n\t\t\t<div class=\"event-box \">\n\t<div class=\"infos-box\">\n\t\t<div class=\"sm-txt-1\">S'informer et socialiser<\/div>\n\t\t<div class=\"date-txt\">8 avril | 10:00-12:00<\/div>\n\t\t<div class=\"type-txt\">Pr\u00e9sentiel | Gratuit<\/div>\n\t<\/div>\n\t<div class=\"categorie-box\">\n\t\t<span class=\"cat-txt\">Parcours d\u2019int\u00e9gration acad\u00e9mique au Qu\u00e9bec : Reconnaissance des \u00e9tudes et des comp\u00e9tences<\/span>\n\t<\/div>\n\t\t\t<div class=\"bt-box\">\n\t\t\t<a href=\"https:\/\/forms.office.com\/r\/8AhAMpem8c\" target=\"_blank\" class=\"btn btn-secondary\" rel=\"noopener\">Participer<\/a>\n\t\t<\/div>\n\t\t<div class=\"fleche-box\">\n\t\t<a href=\"Array\" class=\"cal-fleche-bt\"><\/a>\t<\/div>\n<\/div>\n<div class=\"event-box \">\n\t<div class=\"infos-box\">\n\t\t<div class=\"sm-txt-1\">S'informer et socialiser<\/div>\n\t\t<div class=\"date-txt\">28 avril | 9:00-11:00<\/div>\n\t\t<div class=\"type-txt\">Pr\u00e9sentiel | Gratuit<\/div>\n\t<\/div>\n\t<div class=\"categorie-box\">\n\t\t<span class=\"cat-txt\">Statut conserv\u00e9 : Comprendre et prot\u00e9ger vos droits en attente de l'octroi du permis de travail ouvert<\/span>\n\t<\/div>\n\t\t\t<div class=\"bt-box\">\n\t\t\t<a href=\"https:\/\/forms.office.com\/pages\/responsepage.aspx?id=GyusMwMqSkqEuNj5R76z9P_kXMxXDrFArJw3N6lIfqBUMDkwRTc0UVg5S0xWTjFSTExNNktRVlJFWiQlQCN0PWcu&amp;route=shorturl\" target=\"\" class=\"btn btn-secondary\" rel=\"noopener\">Participer<\/a>\n\t\t<\/div>\n\t\t<div class=\"fleche-box\">\n\t\t<a href=\"Array\" class=\"cal-fleche-bt\"><\/a>\t<\/div>\n<\/div>\n<div class=\"event-box \">\n\t<div class=\"infos-box\">\n\t\t<div class=\"sm-txt-1\">Immigrer et s'\u00e9tablir<\/div>\n\t\t<div class=\"date-txt\">29 avril | 10:00-12:00<\/div>\n\t\t<div class=\"type-txt\">Pr\u00e9sentiel | Gratuit<\/div>\n\t<\/div>\n\t<div class=\"categorie-box\">\n\t\t<span class=\"cat-txt\">R\u00e9ussir son immigration : Demande de citoyennet\u00e9<\/span>\n\t<\/div>\n\t\t\t<div class=\"bt-box\">\n\t\t\t<a href=\"https:\/\/forms.office.com\/pages\/responsepage.aspx?id=GyusMwMqSkqEuNj5R76z9P_kXMxXDrFArJw3N6lIfqBUMDkwRTc0UVg5S0xWTjFSTExNNktRVlJFWiQlQCN0PWcu&amp;route=shorturl\" target=\"\" class=\"btn btn-secondary\" rel=\"noopener\">Participer<\/a>\n\t\t<\/div>\n\t\t<div class=\"fleche-box\">\n\t\t<a href=\"Array\" class=\"cal-fleche-bt\"><\/a>\t<\/div>\n<\/div>\n<div class=\"event-box \">\n\t<div class=\"infos-box\">\n\t\t<div class=\"sm-txt-1\">S'informer et socialiser<\/div>\n\t\t<div class=\"date-txt\">30 avril | 13:00-16:00<\/div>\n\t\t<div class=\"type-txt\">Pr\u00e9sentiel | Gratuit<\/div>\n\t<\/div>\n\t<div class=\"categorie-box\">\n\t\t<span class=\"cat-txt\">Le passeport culturel: Cabane \u00e0 sucre INICI<\/span>\n\t<\/div>\n\t\t\t<div class=\"bt-box\">\n\t\t\t<a href=\"https:\/\/forms.office.com\/pages\/responsepage.aspx?id=GyusMwMqSkqEuNj5R76z9P_kXMxXDrFArJw3N6lIfqBUMDkwRTc0UVg5S0xWTjFSTExNNktRVlJFWiQlQCN0PWcu&amp;route=shorturl\" target=\"\" class=\"btn btn-secondary\" rel=\"noopener\">Participer<\/a>\n\t\t<\/div>\n\t\t<div class=\"fleche-box\">\n\t\t<a href=\"Array\" class=\"cal-fleche-bt\"><\/a>\t<\/div>\n<\/div>\n\t\t<\/div>\n\t<\/div>\n<\/div>\n\t\t\t\t\t\t\t\t\t\t\t\t\t\t\t\t<div class=\"bts-box\">\n\t\t\t\t\t\t\t\t\t<a href=\"https:\/\/inici.ca\/en\/activities\/\" target=\"\" class=\"btn btn-outline-primary\">See all activities<\/a>\n\t\t\t\t\t\t\t\t<\/div>\n\t\t\t\t\t\t\t\t\t\t\t\t\t\t\t<\/div>\n\t\t\t\t\t\t<\/div>\n\t\t\t\t\t<\/div>\n\t\t\t\t<\/div>\n\t\t\t<\/div>\n\t\t<\/div>\n\t<\/div>\n<\/div>\n[\/vc_column][\/vc_row][vc_row full_width=&#8221;stretch_row_content_no_spaces&#8221;][vc_column]<div class=\"module-hero module-bg-color bg-rose  avec-diago-bot\">\n\t\t<div class=\"bg-color color-rose  \">\n\t\t<div class=\"container-xl\">\n\t\t\t<div class=\"row justify-content-center\">\n\t\t\t\t<div class=\"col-11 col-xl-12\">\n\t\t\t\t\t<div class=\"row row-hero\">\n\t\t\t\t\t\t<div class=\"col-md-6 col-contenu\">\n\t\t\t\t\t\t\t<div class=\"title-box\">\n\t\t\t\t\t\t\t\t<h1>Zone Int\u00e9gration<\/h1>\n\t\t\t\t\t\t\t<\/div>\n\t\t\t\t\t\t\t<div class=\"content-box\">\n\t\t\t\t\t\t\t\t<p>Welcome to INICI \u2013 Zone Int\u00e9gration, a space for you. Whether you\u2019re an immigrant who\u2019s already in Quebec, a future immigrant, an employer or a partner, the Zone Int\u00e9gration allows you to access your file at any time, file your documents securely, make appointments, take part in various activities (staff recruitment, outings, conferences, workshops) and much more!<\/p>\n\t\t\t\t\t\t\t<\/div>\n\t\t\t\t\t\t\t<div class=\"bts-box\">\n\t\t\t\t\t\t\t\t<a href=\"https:\/\/inici.ca\/en\/zone-integration-external\/\" target=\"\" class=\"btn btn-outline-primary\">Log in<\/a>\t\t\t\t\t\t\t\t<a href=\"https:\/\/inici.ca\/en\/services\/zone-integration\/\" target=\"\" class=\"btn btn-secondary\">Learn more<\/a>\t\t\t\t\t\t\t<\/div>\n\t\t\t\t\t\t<\/div>\n\t\t\t\t\t\t<div class=\"col-md-6 col-img\">\n\t\t\t\t\t\t\t<div class=\"swiper-container\" data-skin=\"carousel-hero\">\n\t\t\t\t\t\t\t\t<div class=\"swiper\">\n\t\t\t\t\t\t\t\t\t<div class=\"swiper-wrapper\">\n\t\t\t\t\t\t\t\t\t\t<div class=\"swiper-slide \">\n\t<div class=\"img-box\">\n\t\t<img decoding=\"async\" src=\"https:\/\/inici.ca\/wp-content\/uploads\/2023\/08\/groupe-1195.png\" alt=\"\" class=\"img-fluid\">\n\t<\/div>\n<\/div>\n\t\t\t\t\t\t\t\t\t<\/div>\n\t\t\t\t\t\t\t\t<\/div>\n\t\t\t\t\t\t\t\t<div class=\"swiper-pagination\"><\/div>\n\t\t\t\t\t\t\t<\/div>\n\t\t\t\t\t\t<\/div>\n\t\t\t\t\t<\/div>\n\t\t\t\t<\/div>\n\t\t\t<\/div>\n\t\t<\/div>\n\t<\/div>\n    <div class=\"diago-bas is-over-pic\"><div class=\"angle-bas module-bg-color bg-beige\"><\/div><\/div>\n<\/div>\n[\/vc_column][\/vc_row]<\/p>\n<\/section>","protected":false},"excerpt":{"rendered":"<p>[vc_row full_width=&#8221;stretch_row_content_no_spaces&#8221;][vc_column][\/vc_column][\/vc_row][vc_row full_width=&#8221;stretch_row_content_no_spaces&#8221; disable_element=&#8221;yes&#8221;][vc_column][\/vc_column][\/vc_row][vc_row full_width=&#8221;stretch_row_content_no_spaces&#8221; disable_element=&#8221;yes&#8221;][vc_column][\/vc_column][\/vc_row][vc_row full_width=&#8221;stretch_row_content_no_spaces&#8221;][vc_column][\/vc_column][\/vc_row][vc_row full_width=&#8221;stretch_row_content_no_spaces&#8221;][vc_column][\/vc_column][\/vc_row][vc_row full_width=&#8221;stretch_row_content_no_spaces&#8221;][vc_column][\/vc_column][\/vc_row]<\/p>\n","protected":false},"author":1,"featured_media":0,"parent":0,"menu_order":0,"comment_status":"closed","ping_status":"closed","template":"_templates\/template-accueil.php","meta":{"footnotes":""},"class_list":["post-641","page","type-page","status-publish","hentry"],"acf":[],"yoast_head":"<!-- This site is optimized with the Yoast SEO plugin v21.1 - https:\/\/yoast.com\/wordpress\/plugins\/seo\/ -->\n<title>Homepage - INICI<\/title>\n<meta name=\"robots\" content=\"index, follow, max-snippet:-1, max-image-preview:large, max-video-preview:-1\" \/>\n<link rel=\"canonical\" href=\"https:\/\/inici.ca\/en\/homepage\/\" \/>\n<meta property=\"og:locale\" content=\"en_US\" \/>\n<meta property=\"og:type\" content=\"article\" \/>\n<meta property=\"og:title\" content=\"Homepage - INICI\" \/>\n<meta property=\"og:description\" content=\"[vc_row full_width=&#8221;stretch_row_content_no_spaces&#8221;][vc_column][\/vc_column][\/vc_row][vc_row full_width=&#8221;stretch_row_content_no_spaces&#8221; disable_element=&#8221;yes&#8221;][vc_column][\/vc_column][\/vc_row][vc_row full_width=&#8221;stretch_row_content_no_spaces&#8221; disable_element=&#8221;yes&#8221;][vc_column][\/vc_column][\/vc_row][vc_row full_width=&#8221;stretch_row_content_no_spaces&#8221;][vc_column][\/vc_column][\/vc_row][vc_row full_width=&#8221;stretch_row_content_no_spaces&#8221;][vc_column][\/vc_column][\/vc_row][vc_row full_width=&#8221;stretch_row_content_no_spaces&#8221;][vc_column][\/vc_column][\/vc_row]\" \/>\n<meta property=\"og:url\" content=\"https:\/\/inici.ca\/en\/homepage\/\" \/>\n<meta property=\"og:site_name\" content=\"INICI\" \/>\n<meta property=\"article:modified_time\" content=\"2025-04-16T17:27:12+00:00\" \/>\n<meta name=\"twitter:card\" content=\"summary_large_image\" \/>\n<meta name=\"twitter:label1\" content=\"Est. reading time\" \/>\n\t<meta name=\"twitter:data1\" content=\"3 minutes\" \/>\n<script type=\"application\/ld+json\" class=\"yoast-schema-graph\">{\"@context\":\"https:\/\/schema.org\",\"@graph\":[{\"@type\":\"WebPage\",\"@id\":\"https:\/\/inici.ca\/en\/homepage\/\",\"url\":\"https:\/\/inici.ca\/en\/homepage\/\",\"name\":\"Homepage - INICI\",\"isPartOf\":{\"@id\":\"https:\/\/inici.ca\/en\/#website\"},\"datePublished\":\"2023-06-14T17:24:44+00:00\",\"dateModified\":\"2025-04-16T17:27:12+00:00\",\"breadcrumb\":{\"@id\":\"https:\/\/inici.ca\/en\/homepage\/#breadcrumb\"},\"inLanguage\":\"en-US\",\"potentialAction\":[{\"@type\":\"ReadAction\",\"target\":[\"https:\/\/inici.ca\/en\/homepage\/\"]}]},{\"@type\":\"BreadcrumbList\",\"@id\":\"https:\/\/inici.ca\/en\/homepage\/#breadcrumb\",\"itemListElement\":[{\"@type\":\"ListItem\",\"position\":1,\"name\":\"Home\",\"item\":\"https:\/\/inici.ca\/en\/\"},{\"@type\":\"ListItem\",\"position\":2,\"name\":\"Homepage\"}]},{\"@type\":\"WebSite\",\"@id\":\"https:\/\/inici.ca\/en\/#website\",\"url\":\"https:\/\/inici.ca\/en\/\",\"name\":\"INICI\",\"description\":\"\",\"potentialAction\":[{\"@type\":\"SearchAction\",\"target\":{\"@type\":\"EntryPoint\",\"urlTemplate\":\"https:\/\/inici.ca\/en\/?s={search_term_string}\"},\"query-input\":\"required name=search_term_string\"}],\"inLanguage\":\"en-US\"}]}<\/script>\n<!-- \/ Yoast SEO plugin. -->","yoast_head_json":{"title":"Homepage - INICI","robots":{"index":"index","follow":"follow","max-snippet":"max-snippet:-1","max-image-preview":"max-image-preview:large","max-video-preview":"max-video-preview:-1"},"canonical":"https:\/\/inici.ca\/en\/homepage\/","og_locale":"en_US","og_type":"article","og_title":"Homepage - INICI","og_description":"[vc_row full_width=&#8221;stretch_row_content_no_spaces&#8221;][vc_column][\/vc_column][\/vc_row][vc_row full_width=&#8221;stretch_row_content_no_spaces&#8221; disable_element=&#8221;yes&#8221;][vc_column][\/vc_column][\/vc_row][vc_row full_width=&#8221;stretch_row_content_no_spaces&#8221; disable_element=&#8221;yes&#8221;][vc_column][\/vc_column][\/vc_row][vc_row full_width=&#8221;stretch_row_content_no_spaces&#8221;][vc_column][\/vc_column][\/vc_row][vc_row full_width=&#8221;stretch_row_content_no_spaces&#8221;][vc_column][\/vc_column][\/vc_row][vc_row full_width=&#8221;stretch_row_content_no_spaces&#8221;][vc_column][\/vc_column][\/vc_row]","og_url":"https:\/\/inici.ca\/en\/homepage\/","og_site_name":"INICI","article_modified_time":"2025-04-16T17:27:12+00:00","twitter_card":"summary_large_image","twitter_misc":{"Est. reading time":"3 minutes"},"schema":{"@context":"https:\/\/schema.org","@graph":[{"@type":"WebPage","@id":"https:\/\/inici.ca\/en\/homepage\/","url":"https:\/\/inici.ca\/en\/homepage\/","name":"Homepage - INICI","isPartOf":{"@id":"https:\/\/inici.ca\/en\/#website"},"datePublished":"2023-06-14T17:24:44+00:00","dateModified":"2025-04-16T17:27:12+00:00","breadcrumb":{"@id":"https:\/\/inici.ca\/en\/homepage\/#breadcrumb"},"inLanguage":"en-US","potentialAction":[{"@type":"ReadAction","target":["https:\/\/inici.ca\/en\/homepage\/"]}]},{"@type":"BreadcrumbList","@id":"https:\/\/inici.ca\/en\/homepage\/#breadcrumb","itemListElement":[{"@type":"ListItem","position":1,"name":"Home","item":"https:\/\/inici.ca\/en\/"},{"@type":"ListItem","position":2,"name":"Homepage"}]},{"@type":"WebSite","@id":"https:\/\/inici.ca\/en\/#website","url":"https:\/\/inici.ca\/en\/","name":"INICI","description":"","potentialAction":[{"@type":"SearchAction","target":{"@type":"EntryPoint","urlTemplate":"https:\/\/inici.ca\/en\/?s={search_term_string}"},"query-input":"required name=search_term_string"}],"inLanguage":"en-US"}]}},"_links":{"self":[{"href":"https:\/\/inici.ca\/en\/wp-json\/wp\/v2\/pages\/641","targetHints":{"allow":["GET"]}}],"collection":[{"href":"https:\/\/inici.ca\/en\/wp-json\/wp\/v2\/pages"}],"about":[{"href":"https:\/\/inici.ca\/en\/wp-json\/wp\/v2\/types\/page"}],"author":[{"embeddable":true,"href":"https:\/\/inici.ca\/en\/wp-json\/wp\/v2\/users\/1"}],"replies":[{"embeddable":true,"href":"https:\/\/inici.ca\/en\/wp-json\/wp\/v2\/comments?post=641"}],"version-history":[{"count":22,"href":"https:\/\/inici.ca\/en\/wp-json\/wp\/v2\/pages\/641\/revisions"}],"predecessor-version":[{"id":1635,"href":"https:\/\/inici.ca\/en\/wp-json\/wp\/v2\/pages\/641\/revisions\/1635"}],"wp:attachment":[{"href":"https:\/\/inici.ca\/en\/wp-json\/wp\/v2\/media?parent=641"}],"curies":[{"name":"wp","href":"https:\/\/api.w.org\/{rel}","templated":true}]}}